{"id":1302,"date":"2021-02-01T13:19:53","date_gmt":"2021-02-01T12:19:53","guid":{"rendered":"https:\/\/allianceoneholding.com\/en\/?page_id=1302"},"modified":"2021-04-27T13:11:00","modified_gmt":"2021-04-27T11:11:00","slug":"le-groupe","status":"publish","type":"page","link":"https:\/\/allianceoneholding.com\/en\/le-groupe\/","title":{"rendered":"The Group"},"content":{"rendered":"<div data-colibri-id=\"1302-c1\" class=\"style-1762 style-local-1302-c1 position-relative\">\n  <!---->\n  <div data-colibri-component=\"section\" data-colibri-id=\"1302-c2\" id=\"about\" class=\"h-section h-section-global-spacing d-flex align-items-lg-center align-items-md-center align-items-end style-1763 style-local-1302-c2 h-overflow-hidden position-relative\">\n    <div class=\"background-wrapper\">\n      <div class=\"background-layer background-layer-media-container-lg\">\n        <!---->\n        <div class=\"overlay-layer\">\n          <div class=\"overlay-image-layer\" style=\"background-image: linear-gradient(90deg, rgb(255, 255, 255) 55%, rgba(255, 255, 255, 0.5) 100%);\"><\/div>\n        <\/div>\n      <\/div>\n      <div class=\"background-layer background-layer-media-container-md\">\n        <!---->\n        <div class=\"overlay-layer\">\n          <div class=\"overlay-image-layer\" style=\"background-image: linear-gradient(90deg, rgb(255, 255, 255) 55%, rgba(255, 255, 255, 0.5) 100%);\"><\/div>\n        <\/div>\n      <\/div>\n      <div class=\"background-layer background-layer-media-container\">\n        <!---->\n        <div class=\"overlay-layer\">\n          <div class=\"overlay-image-layer\" style=\"background-image: linear-gradient(90deg, rgb(255, 255, 255) 55%, rgba(255, 255, 255, 0.5) 100%);\"><\/div>\n        <\/div>\n      <\/div>\n    <\/div>\n    <!---->\n    <div class=\"h-section-grid-container h-section-boxed-container\">\n      <!---->\n      <div data-colibri-id=\"1302-c3\" class=\"h-row-container gutters-row-lg-0 gutters-row-md-0 gutters-row-2 gutters-row-v-lg-0 gutters-row-v-md-0 gutters-row-v-0 style-1764 style-local-1302-c3 position-relative\">\n        <!---->\n        <div class=\"h-row justify-content-lg-start justify-content-md-start justify-content-center align-items-lg-stretch align-items-md-stretch align-items-stretch gutters-col-lg-0 gutters-col-md-0 gutters-col-2 gutters-col-v-lg-0 gutters-col-v-md-0 gutters-col-v-0\">\n          <!---->\n          <div class=\"h-column h-column-container d-flex h-col-lg-auto h-col-md-auto h-col-auto style-1765-outer style-local-1302-c4-outer\">\n            <div data-colibri-id=\"1302-c4\" class=\"d-flex h-flex-basis h-column__inner h-px-lg-2 h-px-md-2 h-px-0 v-inner-lg-2 v-inner-md-2 v-inner-0 style-1765 style-local-1302-c4 position-relative\">\n              <!---->\n              <!---->\n              <div class=\"w-100 h-y-container h-column__content h-column__v-align flex-basis-100 align-self-lg-end align-self-md-end align-self-end\">\n                <!---->\n                <div data-colibri-id=\"1302-c5\" class=\"h-global-transition-all h-heading style-1766 style-local-1302-c5 position-relative h-element\">\n                  <!---->\n                  <div class=\"h-heading__outer style-1766 style-local-1302-c5\">\n                    <!---->\n                    <!---->\n                    <h2 class=\"\">Alliance One <\/h2>\n                  <\/div>\n                <\/div>\n                <div data-colibri-id=\"1302-c6\" class=\"h-text h-text-component style-1767 style-local-1302-c6 position-relative h-element\">\n                  <!---->\n                  <!---->\n                  <div class=\"\">\n                    <p>Alliance One est un des leaders industriels et de services de Tunisie en terme de revenus et d\u2019exportations.<\/p>\n                    <p>Fond\u00e9e en 1947, la holding regroupe \u00e0 ce jour plus de x soci\u00e9t\u00e9s et se diversifie dans des activit\u00e9s diverses telles que l\u2019industrie chimique, le tourisme, l\u2019agriculture, ou encore les services. Sa large pr\u00e9sence en Afrique mais aussi\n                      \u00e0 l\u2019international, \u00e0 travers un r\u00e9seau important de partenaires, lui permet de se distinguer avec de solides avantages concurrentiels.<\/p>\n                    <p>Alliance One op\u00e8re conform\u00e9ment aux normes internationales de gouvernance d&#8217;entreprise, de satisfaction des clients, de durabilit\u00e9 et de responsabilit\u00e9 sociale.<\/p>\n                  <\/div>\n                <\/div>\n              <\/div>\n            <\/div>\n          <\/div>\n        <\/div>\n      <\/div>\n    <\/div>\n  <\/div>\n<\/div>","protected":false},"excerpt":{"rendered":"<p>Alliance One Alliance One est un des leaders industriels et de services de Tunisie en terme de revenus et d\u2019exportations. Fond\u00e9e en 1947, la holding regroupe \u00e0 ce jour plus de x soci\u00e9t\u00e9s et se diversifie dans des activit\u00e9s diverses telles que l\u2019industrie chimique, le tourisme, l\u2019agriculture, ou encore les services. Sa large pr\u00e9sence en [&hellip;]<\/p>\n","protected":false},"author":2,"featured_media":0,"parent":0,"menu_order":0,"comment_status":"closed","ping_status":"closed","template":"page-templates\/full-width-page.php","meta":{"footnotes":""},"yoast_head":"<!-- This site is optimized with the Yoast SEO plugin v16.2 - https:\/\/yoast.com\/wordpress\/plugins\/seo\/ -->\n<title>The Group - Groupe Alliance One<\/title>\n<meta name=\"robots\" content=\"index, follow, max-snippet:-1, max-image-preview:large, max-video-preview:-1\" \/>\n<link rel=\"canonical\" href=\"https:\/\/allianceoneholding.com\/en\/le-groupe\/\" \/>\n<meta property=\"og:locale\" content=\"en_GB\" \/>\n<meta property=\"og:type\" content=\"article\" \/>\n<meta property=\"og:title\" content=\"The Group - Groupe Alliance One\" \/>\n<meta property=\"og:description\" content=\"Alliance One Alliance One est un des leaders industriels et de services de Tunisie en terme de revenus et d\u2019exportations. Fond\u00e9e en 1947, la holding regroupe \u00e0 ce jour plus de x soci\u00e9t\u00e9s et se diversifie dans des activit\u00e9s diverses telles que l\u2019industrie chimique, le tourisme, l\u2019agriculture, ou encore les services. Sa large pr\u00e9sence en [&hellip;]\" \/>\n<meta property=\"og:url\" content=\"https:\/\/allianceoneholding.com\/en\/le-groupe\/\" \/>\n<meta property=\"og:site_name\" content=\"Groupe Alliance One\" \/>\n<meta property=\"article:modified_time\" content=\"2021-04-27T11:11:00+00:00\" \/>\n<meta name=\"twitter:card\" content=\"summary_large_image\" \/>\n<meta name=\"twitter:label1\" content=\"Estimated reading time\">\n\t<meta name=\"twitter:data1\" content=\"1 minute\">\n<script type=\"application\/ld+json\" class=\"yoast-schema-graph\">{\"@context\":\"https:\/\/schema.org\",\"@graph\":[{\"@type\":\"WebSite\",\"@id\":\"https:\/\/allianceoneholding.com\/en\/#website\",\"url\":\"https:\/\/allianceoneholding.com\/en\/\",\"name\":\"Groupe Alliance One\",\"description\":\"Business Group\",\"potentialAction\":[{\"@type\":\"SearchAction\",\"target\":\"https:\/\/allianceoneholding.com\/en\/?s={search_term_string}\",\"query-input\":\"required name=search_term_string\"}],\"inLanguage\":\"en-GB\"},{\"@type\":\"WebPage\",\"@id\":\"https:\/\/allianceoneholding.com\/en\/le-groupe\/#webpage\",\"url\":\"https:\/\/allianceoneholding.com\/en\/le-groupe\/\",\"name\":\"The Group - Groupe Alliance One\",\"isPartOf\":{\"@id\":\"https:\/\/allianceoneholding.com\/en\/#website\"},\"datePublished\":\"2021-02-01T12:19:53+00:00\",\"dateModified\":\"2021-04-27T11:11:00+00:00\",\"breadcrumb\":{\"@id\":\"https:\/\/allianceoneholding.com\/en\/le-groupe\/#breadcrumb\"},\"inLanguage\":\"en-GB\",\"potentialAction\":[{\"@type\":\"ReadAction\",\"target\":[\"https:\/\/allianceoneholding.com\/en\/le-groupe\/\"]}]},{\"@type\":\"BreadcrumbList\",\"@id\":\"https:\/\/allianceoneholding.com\/en\/le-groupe\/#breadcrumb\",\"itemListElement\":[{\"@type\":\"ListItem\",\"position\":1,\"item\":{\"@type\":\"WebPage\",\"@id\":\"https:\/\/allianceoneholding.com\/en\/\",\"url\":\"https:\/\/allianceoneholding.com\/en\/\",\"name\":\"Accueil\"}},{\"@type\":\"ListItem\",\"position\":2,\"item\":{\"@id\":\"https:\/\/allianceoneholding.com\/en\/le-groupe\/#webpage\"}}]}]}<\/script>\n<!-- \/ Yoast SEO plugin. -->","_links":{"self":[{"href":"https:\/\/allianceoneholding.com\/en\/wp-json\/wp\/v2\/pages\/1302"}],"collection":[{"href":"https:\/\/allianceoneholding.com\/en\/wp-json\/wp\/v2\/pages"}],"about":[{"href":"https:\/\/allianceoneholding.com\/en\/wp-json\/wp\/v2\/types\/page"}],"author":[{"embeddable":true,"href":"https:\/\/allianceoneholding.com\/en\/wp-json\/wp\/v2\/users\/2"}],"replies":[{"embeddable":true,"href":"https:\/\/allianceoneholding.com\/en\/wp-json\/wp\/v2\/comments?post=1302"}],"version-history":[{"count":3,"href":"https:\/\/allianceoneholding.com\/en\/wp-json\/wp\/v2\/pages\/1302\/revisions"}],"predecessor-version":[{"id":2640,"href":"https:\/\/allianceoneholding.com\/en\/wp-json\/wp\/v2\/pages\/1302\/revisions\/2640"}],"wp:attachment":[{"href":"https:\/\/allianceoneholding.com\/en\/wp-json\/wp\/v2\/media?parent=1302"}],"curies":[{"name":"wp","href":"https:\/\/api.w.org\/{rel}","templated":true}]}}