{"id":1314,"date":"2021-02-01T13:22:53","date_gmt":"2021-02-01T12:22:53","guid":{"rendered":"https:\/\/allianceoneholding.com\/en\/?page_id=1314"},"modified":"2021-05-07T08:35:42","modified_gmt":"2021-05-07T07:35:42","slug":"nos-valeurs","status":"publish","type":"page","link":"https:\/\/allianceoneholding.com\/en\/nos-valeurs\/","title":{"rendered":"Our Values"},"content":{"rendered":"<div data-colibri-id=\"1314-c1\" class=\"style-1743 style-local-1314-c1 position-relative\">\n  <!---->\n  <div data-colibri-component=\"section\" data-colibri-id=\"1314-c2\" id=\"overlappable\" class=\"h-section h-section-global-spacing d-flex align-items-lg-center align-items-md-center align-items-center style-1744 style-local-1314-c2 position-relative\">\n    <!---->\n    <!---->\n    <div class=\"h-section-grid-container h-section-boxed-container\">\n      <!---->\n      <div data-colibri-id=\"1314-c3\" class=\"h-row-container gutters-row-lg-0 gutters-row-md-0 gutters-row-0 gutters-row-v-lg-0 gutters-row-v-md-0 gutters-row-v-0 style-1745 style-local-1314-c3 position-relative\">\n        <!---->\n        <div class=\"h-row justify-content-lg-center justify-content-md-center justify-content-center align-items-lg-stretch align-items-md-stretch align-items-stretch gutters-col-lg-0 gutters-col-md-0 gutters-col-0 gutters-col-v-lg-0 gutters-col-v-md-0 gutters-col-v-0\">\n          <!---->\n          <div class=\"h-column h-column-container d-flex h-col-lg-auto h-col-md-auto h-col-auto style-1746-outer style-local-1314-c4-outer\">\n            <div data-colibri-id=\"1314-c4\" class=\"d-flex h-flex-basis h-column__inner h-ui-empty-state-container h-px-lg-0 h-px-md-0 h-px-0 v-inner-lg-0 v-inner-md-0 v-inner-0 style-1746 style-local-1314-c4 position-relative\">\n              <!---->\n              <!---->\n              <div class=\"w-100 h-y-container h-column__content h-column__v-align flex-basis-100\">\n                <!---->\n              <\/div>\n            <\/div>\n          <\/div>\n          <div class=\"h-column h-column-container d-flex h-col-lg-auto h-col-md-auto h-col-auto style-1747-outer style-local-1314-c5-outer\">\n            <div data-colibri-id=\"1314-c5\" class=\"d-flex h-flex-basis h-column__inner h-px-lg-2 h-px-md-2 h-px-2 v-inner-lg-2 v-inner-md-2 v-inner-2 style-1747 style-local-1314-c5 position-relative\">\n              <!---->\n              <!---->\n              <div class=\"w-100 h-y-container h-column__content h-column__v-align flex-basis-100 align-self-lg-center align-self-md-center align-self-center\">\n                <!---->\n                <div data-colibri-id=\"1314-c6\" class=\"h-global-transition-all h-heading style-1748 style-local-1314-c6 position-relative h-element\">\n                  <!---->\n                  <div class=\"h-heading__outer style-1748 style-local-1314-c6\">\n                    <!---->\n                    <!---->\n                    <h4 class=\"\">Modernity <\/h4>\n                  <\/div>\n                <\/div>\n                <div data-colibri-id=\"1314-c7\" class=\"h-text h-text-component style-1749 style-local-1314-c7 position-relative h-element\">\n                  <!---->\n                  <!---->\n                  <div class=\"\">\n                    <p>We have been present on the Tunisian and international markets for 70 years. During such a long period, we have built our own traditions while being committed to innovation. It is due to this ability to find a balance between what\n                      we believe in and the emerging ideas that we could maintain our motivation as an active and dynamic group.<\/p>\n                  <\/div>\n                <\/div>\n              <\/div>\n            <\/div>\n          <\/div>\n          <div class=\"h-column h-column-container d-flex h-col-lg-auto h-col-md-auto h-col-auto style-1747-outer style-local-1314-c8-outer\">\n            <div data-colibri-id=\"1314-c8\" class=\"d-flex h-flex-basis h-column__inner h-px-lg-2 h-px-md-2 h-px-2 v-inner-lg-2 v-inner-md-2 v-inner-2 style-1747 style-local-1314-c8 position-relative\">\n              <!---->\n              <!---->\n              <div class=\"w-100 h-y-container h-column__content h-column__v-align flex-basis-100 align-self-lg-center align-self-md-center align-self-center\">\n                <!---->\n                <div data-colibri-id=\"1314-c9\" class=\"h-global-transition-all h-heading style-1748 style-local-1314-c9 position-relative h-element\">\n                  <!---->\n                  <div class=\"h-heading__outer style-1748 style-local-1314-c9\">\n                    <!---->\n                    <!---->\n                    <h4 class=\"\">Equality <\/h4>\n                  <\/div>\n                <\/div>\n                <div data-colibri-id=\"1314-c10\" class=\"h-text h-text-component style-1749 style-local-1314-c10 position-relative h-element\">\n                  <!---->\n                  <!---->\n                  <div class=\"\">\n                    <p>\n                      <br>\n                    <\/p>\n                    <p>Nous nous effor\u00e7ons de cr\u00e9er des environnements de travail adapt\u00e9s aux besoins de tous nos coll\u00e8gues, sans discrimination. Nous offrons des chances \u00e9gales \u00e0 tous nos coll\u00e8gues travaillant sur la cha\u00eene de production, dans les bureaux,\n                      ou les magasins, quels que soient leur sexe, leur poste, leur titre, leur exp\u00e9rience ou leur \u00e2ge. (donner le pourcentage d\u2019employ\u00e9s femmes\/hommes)<\/p>\n                    <p>\n                      <br>\n                    <\/p>\n                  <\/div>\n                <\/div>\n              <\/div>\n            <\/div>\n          <\/div>\n          <div class=\"h-column h-column-container d-flex h-col-lg-auto h-col-md-auto h-col-auto style-1752-outer style-local-1314-c11-outer\">\n            <div data-colibri-id=\"1314-c11\" class=\"d-flex h-flex-basis h-column__inner h-ui-empty-state-container h-px-lg-0 h-px-md-0 h-px-0 v-inner-lg-0 v-inner-md-0 v-inner-0 style-1752 style-local-1314-c11 position-relative\">\n              <!---->\n              <!---->\n              <div class=\"w-100 h-y-container h-column__content h-column__v-align flex-basis-100\">\n                <!---->\n              <\/div>\n            <\/div>\n          <\/div>\n        <\/div>\n      <\/div>\n    <\/div>\n  <\/div>\n  <div data-colibri-component=\"section\" data-colibri-id=\"1314-c12\" id=\"overlappable-2\" class=\"h-section h-section-global-spacing d-flex align-items-lg-center align-items-md-center align-items-center style-1753 style-local-1314-c12 position-relative\">\n    <!---->\n    <!---->\n    <div class=\"h-section-grid-container h-section-boxed-container\">\n      <!---->\n      <div data-colibri-id=\"1314-c13\" class=\"h-row-container gutters-row-lg-0 gutters-row-md-0 gutters-row-0 gutters-row-v-lg-0 gutters-row-v-md-0 gutters-row-v-0 style-1754 style-local-1314-c13 position-relative\">\n        <!---->\n        <div class=\"h-row justify-content-lg-center justify-content-md-center justify-content-center align-items-lg-stretch align-items-md-stretch align-items-stretch gutters-col-lg-0 gutters-col-md-0 gutters-col-0 gutters-col-v-lg-0 gutters-col-v-md-0 gutters-col-v-0\">\n          <!---->\n          <div class=\"h-column h-column-container d-flex h-col-lg-auto h-col-md-auto h-col-auto style-1755-outer style-local-1314-c14-outer\">\n            <div data-colibri-id=\"1314-c14\" class=\"d-flex h-flex-basis h-column__inner h-ui-empty-state-container h-px-lg-0 h-px-md-0 h-px-0 v-inner-lg-0 v-inner-md-0 v-inner-0 style-1755 style-local-1314-c14 position-relative\">\n              <!---->\n              <!---->\n              <div class=\"w-100 h-y-container h-column__content h-column__v-align flex-basis-100\">\n                <!---->\n              <\/div>\n            <\/div>\n          <\/div>\n          <div class=\"h-column h-column-container d-flex h-col-lg-auto h-col-md-auto h-col-auto style-1756-outer style-local-1314-c15-outer\">\n            <div data-colibri-id=\"1314-c15\" class=\"d-flex h-flex-basis h-column__inner h-px-lg-2 h-px-md-2 h-px-2 v-inner-lg-2 v-inner-md-2 v-inner-2 style-1756 style-local-1314-c15 position-relative\">\n              <!---->\n              <!---->\n              <div class=\"w-100 h-y-container h-column__content h-column__v-align flex-basis-100 align-self-lg-center align-self-md-center align-self-center\">\n                <!---->\n                <div data-colibri-id=\"1314-c16\" class=\"h-global-transition-all h-heading style-1757 style-local-1314-c16 position-relative h-element\">\n                  <!---->\n                  <div class=\"h-heading__outer style-1757 style-local-1314-c16\">\n                    <!---->\n                    <!---->\n                    <h4 class=\"\">Development<\/h4>\n                  <\/div>\n                <\/div>\n                <div data-colibri-id=\"1314-c17\" class=\"h-text h-text-component style-1758 style-local-1314-c17 position-relative h-element\">\n                  <!---->\n                  <!---->\n                  <div class=\"\">\n                    <p>Alliance One makes development its priority. We strive to provide our employees with the knowledge and skills they need today. This is why we are committed not only to the upgrading of our staff but also to the training of young apprentices\n                      or workers.<\/p>\n                  <\/div>\n                <\/div>\n              <\/div>\n            <\/div>\n          <\/div>\n          <div class=\"h-column h-column-container d-flex h-col-lg-auto h-col-md-auto h-col-auto style-1756-outer style-local-1314-c18-outer\">\n            <div data-colibri-id=\"1314-c18\" class=\"d-flex h-flex-basis h-column__inner h-px-lg-2 h-px-md-2 h-px-2 v-inner-lg-2 v-inner-md-2 v-inner-2 style-1756 style-local-1314-c18 position-relative\">\n              <!---->\n              <!---->\n              <div class=\"w-100 h-y-container h-column__content h-column__v-align flex-basis-100 align-self-lg-center align-self-md-center align-self-center\">\n                <!---->\n                <div data-colibri-id=\"1314-c19\" class=\"h-global-transition-all h-heading style-1757 style-local-1314-c19 position-relative h-element\">\n                  <!---->\n                  <div class=\"h-heading__outer style-1757 style-local-1314-c19\">\n                    <!---->\n                    <!---->\n                    <h4 class=\"\">Human capital<\/h4>\n                  <\/div>\n                <\/div>\n                <div data-colibri-id=\"1314-c20\" class=\"h-text h-text-component style-1758 style-local-1314-c20 position-relative h-element\">\n                  <!---->\n                  <!---->\n                  <div class=\"\">\n                    <p>In Alliance One, we are convinced that human capital is at the core of a company\u2019s wellbeing. We have worked on building a healthy work environment that favors our employees\u2019 sense of flourishing and wellbeing. The aim behind this\n                      is to create a team spirit and a sense of both coherence and cohesion. We are aware that this sense of wellbeing should not be confined to the work environment, and thus, Alliance One has built an environment that extends entertainment\n                      and enjoyment beyond the working hours with activities like football games and workouts in the group\u2019s gym.<\/p>\n                  <\/div>\n                <\/div>\n              <\/div>\n            <\/div>\n          <\/div>\n          <div class=\"h-column h-column-container d-flex h-col-lg-auto h-col-md-auto h-col-auto style-1761-outer style-local-1314-c21-outer\">\n            <div data-colibri-id=\"1314-c21\" class=\"d-flex h-flex-basis h-column__inner h-ui-empty-state-container h-px-lg-0 h-px-md-0 h-px-0 v-inner-lg-0 v-inner-md-0 v-inner-0 style-1761 style-local-1314-c21 position-relative\">\n              <!---->\n              <!---->\n              <div class=\"w-100 h-y-container h-column__content h-column__v-align flex-basis-100\">\n                <!---->\n              <\/div>\n            <\/div>\n          <\/div>\n        <\/div>\n      <\/div>\n    <\/div>\n  <\/div>\n<\/div>","protected":false},"excerpt":{"rendered":"<p>Modernity We have been present on the Tunisian and international markets for 70 years. During such a long period, we have built our own traditions while being committed to innovation. It is due to this ability to find a balance between what we believe in and the emerging ideas that we could maintain our motivation [&hellip;]<\/p>\n","protected":false},"author":2,"featured_media":0,"parent":0,"menu_order":0,"comment_status":"closed","ping_status":"closed","template":"page-templates\/full-width-page.php","meta":{"footnotes":""},"yoast_head":"<!-- This site is optimized with the Yoast SEO plugin v16.2 - https:\/\/yoast.com\/wordpress\/plugins\/seo\/ -->\n<title>Our Values - Groupe Alliance One<\/title>\n<meta name=\"robots\" content=\"index, follow, max-snippet:-1, max-image-preview:large, max-video-preview:-1\" \/>\n<link rel=\"canonical\" href=\"https:\/\/allianceoneholding.com\/en\/nos-valeurs\/\" \/>\n<meta property=\"og:locale\" content=\"en_GB\" \/>\n<meta property=\"og:type\" content=\"article\" \/>\n<meta property=\"og:title\" content=\"Our Values - Groupe Alliance One\" \/>\n<meta property=\"og:description\" content=\"Modernity We have been present on the Tunisian and international markets for 70 years. During such a long period, we have built our own traditions while being committed to innovation. It is due to this ability to find a balance between what we believe in and the emerging ideas that we could maintain our motivation [&hellip;]\" \/>\n<meta property=\"og:url\" content=\"https:\/\/allianceoneholding.com\/en\/nos-valeurs\/\" \/>\n<meta property=\"og:site_name\" content=\"Groupe Alliance One\" \/>\n<meta property=\"article:modified_time\" content=\"2021-05-07T07:35:42+00:00\" \/>\n<meta name=\"twitter:card\" content=\"summary_large_image\" \/>\n<meta name=\"twitter:label1\" content=\"Estimated reading time\">\n\t<meta name=\"twitter:data1\" content=\"1 minute\">\n<script type=\"application\/ld+json\" class=\"yoast-schema-graph\">{\"@context\":\"https:\/\/schema.org\",\"@graph\":[{\"@type\":\"WebSite\",\"@id\":\"https:\/\/allianceoneholding.com\/en\/#website\",\"url\":\"https:\/\/allianceoneholding.com\/en\/\",\"name\":\"Groupe Alliance One\",\"description\":\"Business Group\",\"potentialAction\":[{\"@type\":\"SearchAction\",\"target\":\"https:\/\/allianceoneholding.com\/en\/?s={search_term_string}\",\"query-input\":\"required name=search_term_string\"}],\"inLanguage\":\"en-GB\"},{\"@type\":\"WebPage\",\"@id\":\"https:\/\/allianceoneholding.com\/en\/nos-valeurs\/#webpage\",\"url\":\"https:\/\/allianceoneholding.com\/en\/nos-valeurs\/\",\"name\":\"Our Values - Groupe Alliance One\",\"isPartOf\":{\"@id\":\"https:\/\/allianceoneholding.com\/en\/#website\"},\"datePublished\":\"2021-02-01T12:22:53+00:00\",\"dateModified\":\"2021-05-07T07:35:42+00:00\",\"breadcrumb\":{\"@id\":\"https:\/\/allianceoneholding.com\/en\/nos-valeurs\/#breadcrumb\"},\"inLanguage\":\"en-GB\",\"potentialAction\":[{\"@type\":\"ReadAction\",\"target\":[\"https:\/\/allianceoneholding.com\/en\/nos-valeurs\/\"]}]},{\"@type\":\"BreadcrumbList\",\"@id\":\"https:\/\/allianceoneholding.com\/en\/nos-valeurs\/#breadcrumb\",\"itemListElement\":[{\"@type\":\"ListItem\",\"position\":1,\"item\":{\"@type\":\"WebPage\",\"@id\":\"https:\/\/allianceoneholding.com\/en\/\",\"url\":\"https:\/\/allianceoneholding.com\/en\/\",\"name\":\"Accueil\"}},{\"@type\":\"ListItem\",\"position\":2,\"item\":{\"@id\":\"https:\/\/allianceoneholding.com\/en\/nos-valeurs\/#webpage\"}}]}]}<\/script>\n<!-- \/ Yoast SEO plugin. -->","_links":{"self":[{"href":"https:\/\/allianceoneholding.com\/en\/wp-json\/wp\/v2\/pages\/1314"}],"collection":[{"href":"https:\/\/allianceoneholding.com\/en\/wp-json\/wp\/v2\/pages"}],"about":[{"href":"https:\/\/allianceoneholding.com\/en\/wp-json\/wp\/v2\/types\/page"}],"author":[{"embeddable":true,"href":"https:\/\/allianceoneholding.com\/en\/wp-json\/wp\/v2\/users\/2"}],"replies":[{"embeddable":true,"href":"https:\/\/allianceoneholding.com\/en\/wp-json\/wp\/v2\/comments?post=1314"}],"version-history":[{"count":10,"href":"https:\/\/allianceoneholding.com\/en\/wp-json\/wp\/v2\/pages\/1314\/revisions"}],"predecessor-version":[{"id":2747,"href":"https:\/\/allianceoneholding.com\/en\/wp-json\/wp\/v2\/pages\/1314\/revisions\/2747"}],"wp:attachment":[{"href":"https:\/\/allianceoneholding.com\/en\/wp-json\/wp\/v2\/media?parent=1314"}],"curies":[{"name":"wp","href":"https:\/\/api.w.org\/{rel}","templated":true}]}}